{"id":780,"date":"2022-07-02T15:22:03","date_gmt":"2022-07-02T15:22:03","guid":{"rendered":"https:\/\/haberulus.net\/?page_id=780"},"modified":"2022-07-02T15:23:04","modified_gmt":"2022-07-02T15:23:04","slug":"kunye","status":"publish","type":"page","link":"https:\/\/haberulus.net\/?page_id=780","title":{"rendered":"K\u00fcnye"},"content":{"rendered":"<h1 class=\"pTitle\"><strong style=\"font-size: 16px;\">\u0130mtiyaz Sahibi<\/strong><\/h1>\n<div class=\"pContent\">\n<div class=\"area full\">\n<p>YILDIZ MEDYA VE YAZILIM H\u0130ZMETLER\u0130<\/p>\n<p>&nbsp;<\/p>\n<\/div>\n<div class=\"area four\">\n<p><strong>Yaz\u0131 \u0130\u015fleri M\u00fcd\u00fcr\u00fc<\/strong><\/p>\n<p>G\u00fczin YILDIZ<\/p>\n<\/div>\n<div class=\"area four\">\n<p><strong>Genel Koordinat\u00f6r<\/strong><\/p>\n<p>Emirhan Kaya<\/p>\n<\/div>\n<div class=\"area four\">\n<p><strong>Edit\u00f6rler<\/strong><\/p>\n<p>Yaprak G\u00fcler<\/p>\n<p>Selim Akta\u015f<\/p>\n<p>Sevin\u00e7 Y\u0131ld\u0131z<\/p>\n<\/div>\n<div class=\"area four\">\n<p><strong>GECE VARD\u0130YASI ED\u0130T\u00d6R\u00dc<\/strong><\/p>\n<p>G\u00f6khan Sermen<\/p>\n<\/div>\n<div class=\"area four\">\n<p><strong>HUKUK DANI\u015eMANI<\/strong><\/p>\n<p>Av. Leman Balc\u0131 Kaplan<\/p>\n<\/div>\n<div class=\"area four\">\n<p><strong>HOSTING SERV\u0130S\u0130<\/strong><\/p>\n<p>\u0130simtescil Bili\u015fim Hizmetleri<\/p>\n<\/div>\n<\/div>\n","protected":false},"excerpt":{"rendered":"<p>\u0130mtiyaz Sahibi YILDIZ MEDYA VE YAZILIM H\u0130ZMETLER\u0130 &nbsp; Yaz\u0131 \u0130\u015fleri M\u00fcd\u00fcr\u00fc G\u00fczin YILDIZ Genel Koordinat\u00f6r Emirhan Kaya Edit\u00f6rler Yaprak G\u00fcler Selim Akta\u015f Sevin\u00e7 Y\u0131ld\u0131z GECE VARD\u0130YASI ED\u0130T\u00d6R\u00dc G\u00f6khan Sermen HUKUK DANI\u015eMANI Av. Leman Balc\u0131 Kaplan HOSTING SERV\u0130S\u0130 \u0130simtescil Bili\u015fim Hizmetleri<\/p>\n","protected":false},"author":1,"featured_media":0,"parent":0,"menu_order":0,"comment_status":"closed","ping_status":"closed","template":"","meta":{"footnotes":""},"class_list":["post-780","page","type-page","status-publish","hentry"],"_links":{"self":[{"href":"https:\/\/haberulus.net\/index.php?rest_route=\/wp\/v2\/pages\/780","targetHints":{"allow":["GET"]}}],"collection":[{"href":"https:\/\/haberulus.net\/index.php?rest_route=\/wp\/v2\/pages"}],"about":[{"href":"https:\/\/haberulus.net\/index.php?rest_route=\/wp\/v2\/types\/page"}],"author":[{"embeddable":true,"href":"https:\/\/haberulus.net\/index.php?rest_route=\/wp\/v2\/users\/1"}],"replies":[{"embeddable":true,"href":"https:\/\/haberulus.net\/index.php?rest_route=%2Fwp%2Fv2%2Fcomments&post=780"}],"version-history":[{"count":3,"href":"https:\/\/haberulus.net\/index.php?rest_route=\/wp\/v2\/pages\/780\/revisions"}],"predecessor-version":[{"id":783,"href":"https:\/\/haberulus.net\/index.php?rest_route=\/wp\/v2\/pages\/780\/revisions\/783"}],"wp:attachment":[{"href":"https:\/\/haberulus.net\/index.php?rest_route=%2Fwp%2Fv2%2Fmedia&parent=780"}],"curies":[{"name":"wp","href":"https:\/\/api.w.org\/{rel}","templated":true}]}}