{"id":789,"date":"2022-07-02T15:30:46","date_gmt":"2022-07-02T15:30:46","guid":{"rendered":"https:\/\/haberulus.net\/?page_id=789"},"modified":"2022-07-02T15:30:46","modified_gmt":"2022-07-02T15:30:46","slug":"cerez-politikasi","status":"publish","type":"page","link":"https:\/\/haberulus.net\/?page_id=789","title":{"rendered":"\u00c7erez Politikas\u0131"},"content":{"rendered":"<div class=\"left\">\n<div class=\"detail\">\n<p>\u00c7erez Nedir?<br \/>\n\u00c7erez veya bilinen ismiyle \u201ccookie\u201d, mobil ve masa\u00fcst\u00fc cihazlar kullanarak sitelerimizi (Haberulus.net) ziyaret etti\u011finizde bilgisayar\u0131n\u0131z veya mobil cihaz\u0131n\u0131za (ak\u0131ll\u0131 telefon, tablet gibi) kaydedilen k\u00fc\u00e7\u00fck metin dosyas\u0131 veya bilgilerdir. \u00c7erezler genellikle geldikleri internet site isimlerini, kullan\u0131m \u00f6m\u00fcrlerini ve rastgele verilen say\u0131lardan olu\u015fan de\u011ferler i\u00e7erir.<\/p>\n<p>Ne i\u00e7in Kullan\u0131yoruz?<br \/>\n\u00c7erezleri, sitemizin daha kolay kullan\u0131lmas\u0131, sizin ilgi ve ihtiya\u00e7lar\u0131n\u0131za g\u00f6re ayarlanmas\u0131 ve kullan\u0131c\u0131lar\u0131m\u0131za ak\u0131ll\u0131 reklam g\u00f6sterimi i\u00e7in ki\u015fiselle\u015ftirme amac\u0131yla kullan\u0131yoruz. \u0130nternet siteleri bu \u00e7erez dosyalar\u0131 okuyup yazabiliyorlar ve bu sayede tan\u0131nman\u0131z ve size daha uygun bir internet sitesi sunulmas\u0131 amac\u0131yla sizinle ilgili \u00f6nemli bilgilerin hat\u0131rlanmas\u0131 sa\u011flan\u0131yor (tercih ayarlar\u0131n\u0131z\u0131n hat\u0131rlanmas\u0131 gibi).<\/p>\n<p>\u00c7erezler ayr\u0131ca, sitemiz \u00fczerinde gelecekteki hareketlerinizin h\u0131zlanmas\u0131na da yard\u0131mc\u0131 olur. Bunlara ek olarak, ziyaret\u00e7ilerin sitemizi nas\u0131l kulland\u0131\u011f\u0131n\u0131 anlamak ve sitemizin tasar\u0131m\u0131 ile kullan\u0131\u015fl\u0131l\u0131\u011f\u0131n\u0131 geli\u015ftirmek amac\u0131yla \u00e7erezleri sitemizin kullan\u0131m\u0131 hakk\u0131nda istatistiksel bilgiler toplamak i\u00e7in de kullanabiliriz.<\/p>\n<p>Haberulus.net \u00c7erezleri<br \/>\nKullan\u0131c\u0131lar\u0131n web sitesi, mobil uygulama ve\/veya mobil site kullan\u0131mlar\u0131n\u0131 ki\u015fiselle\u015ftirmek i\u00e7in kullan\u0131r. Bu kullan\u0131m;<\/p>\n<p>Parolan\u0131z\u0131 kaydeden ve web sitesi\/mobil uygulama\/mobil sitesi oturumunuzun s\u00fcrekli a\u00e7\u0131k kalmas\u0131n\u0131 sa\u011flayan, b\u00f6ylece her ziyaretinizde birden fazla kez parola girme zahmetinden kurtaran \u00e7erezleri ve Web sitesi, mobil uygulama ve\/veya mobil siteye daha sonraki ziyaretlerde kullan\u0131c\u0131y\u0131 hat\u0131rlayan ve tan\u0131yan \u00e7erezleri i\u00e7erir.<\/p>\n<p>Kullan\u0131c\u0131lar\u0131n web sitesi, mobil uygulama ve\/veya mobil siteye nereden ve hangi cihazlardan ba\u011fland\u0131\u011f\u0131, web sitesi\/mobil uygulama\/mobil sitesi \u00fczerinde hangi i\u00e7eri\u011fi g\u00f6r\u00fcnt\u00fcledi\u011fi ve ziyaret s\u00fcresi gibi web sitesini\/mobil uygulamay\u0131\/mobil sitesini nas\u0131l kulland\u0131\u011f\u0131n\u0131z\u0131n tespiti de dahil olmak \u00fczere; web sitesi, mobil uygulama ve\/veya mobil siteyi kullan\u0131c\u0131n\u0131n nas\u0131l kulland\u0131\u011f\u0131n\u0131 belirlemek amac\u0131yla kullan\u0131r.<\/p>\n<p>Kullan\u0131c\u0131n\u0131n ilgi alan\u0131na uygun i\u00e7erik ve reklamlar\u0131 sunmak, di\u011fer bir ifade ile hedeflenmi\u015f reklam veya tan\u0131t\u0131m amac\u0131yla kullan\u0131r<\/p>\n<p>Hangi T\u00fcrlerini Kullan\u0131yoruz?<br \/>\nOturum \u00e7erezleri (session cookies) ve kal\u0131c\u0131 \u00e7erezler (persistent cookies) olmak \u00fczere sitelerimiz genelinde iki t\u00fcr \u00e7erez kullanmaktay\u0131z. Oturum \u00e7erezleri ge\u00e7ici \u00e7erezler olup sadece taray\u0131c\u0131n\u0131z\u0131 kapat\u0131ncaya kadar ge\u00e7erlidirler. Kal\u0131c\u0131 \u00e7erezler siz silinceye veya s\u00fcreleri doluncaya (bu \u015fekilde \u00e7erezlerin cihaz\u0131nda ne kadar kalaca\u011f\u0131, \u00e7erezlerin \u201ckullan\u0131m \u00f6m\u00fcrlerine\u201d ba\u011fl\u0131 olacakt\u0131r) kadar sabit diskinizde kal\u0131rlar.<\/p>\n<p>\u00dc\u00e7\u00fcnc\u00fc Parti \u00c7erezleri (3th Party Cookies)<br \/>\n\u0130\u015f ortaklar\u0131m\u0131z, reklam platformlar\u0131, sosyal medya platformlar\u0131 ile analitik bilgileri toplama hizmeti veren, sitemiz genelinde kullan\u0131lan bu servis sa\u011flay\u0131c\u0131lar hizmetlerini sunabilmeleri i\u00e7in sitelerimizi ziyaret etti\u011finizde, bizim yerimize cihazlar\u0131n\u0131za \u00e7erez kaydetmelerine izin verebiliriz. Bu \u00e7erezler hakk\u0131nda daha fazla bilgi edinmek ve bu \u00e7erezlerin nas\u0131l kontrol edilece\u011fine ili\u015fkin ayr\u0131nt\u0131l\u0131 bilgi i\u00e7in, l\u00fctfen bu \u00fc\u00e7\u00fcnc\u00fc parti kurum ve kurulu\u015flar\u0131n gizlilik politikalar\u0131n\u0131 veya \u00e7erez politikalar\u0131n\u0131 inceleyiniz.<\/p>\n<p>Haberulus.net \u00e7erezleri ayr\u0131ca; arama motorlar\u0131n\u0131, Haberulus.net web sitesini, mobil uygulamas\u0131n\u0131 veya mobil sitesi ve\/veya Haberulus.net sitesinin reklam verdi\u011fi web sitelerini ziyaret etti\u011finizde ilginizi \u00e7ekebilece\u011fini d\u00fc\u015f\u00fcnd\u00fc\u011f\u00fc reklamlar\u0131 size sunabilmek amac\u0131yla kullanabilir. Bu ama\u00e7la; size \u00f6zel reklamlar sunabilmek i\u00e7in web sitesine, mobil uygulamaya, mobil sitesine ve Haberulus.net sitesinin reklam verdi\u011fi web sitelerine, mobil uygulama ve\/veya mobil sitesine yapt\u0131\u011f\u0131n\u0131z \u00f6nceki ziyaretlerle ilgili bilgileri kullan\u0131r. Ki\u015fiselle\u015ftirilmi\u015f bu reklamlar\u0131 sunarken, Haberulus.net sizi tan\u0131yabilmesi amac\u0131yla taray\u0131c\u0131n\u0131za benzersiz bir \u00fc\u00e7\u00fcnc\u00fc taraf \u00e7erezi yerle\u015ftirilebilir. Haberulus.net ayr\u0131ca Google, Inc. (\u201cGoogle\u201d) taraf\u0131ndan sa\u011flanan bir web analizi hizmeti olan Google Analytics kullanmaktad\u0131r. Google Analytics, \u00e7erezleri kullan\u0131c\u0131lar\u0131n web sitesini, mobil uygulamay\u0131 ve\/veya mobil sitesini nas\u0131l kulland\u0131klar\u0131n\u0131 istatistiki bilgiler\/raporlar ile analiz etmek amac\u0131yla kullan\u0131r. Google Analytics kullan\u0131m\u0131 hakk\u0131nda daha fazla bilgi i\u00e7in (reddetme se\u00e7enekleri dahil), \u015fu adresi ziyaret edebilirsiniz: http:\/\/www.google.com\/intl\/tr\/policies\/privacy\/#infocollect<\/p>\n<p>Mobil uygulamada \u00e7erez yerine ilgili uygulaman\u0131n SDK\u2019s\u0131 (Software Development Kit) kullan\u0131lmaktad\u0131r.<\/p>\n<p>\u00c7erezleri nas\u0131l kontrol edebilir veya silebilirsiniz?<br \/>\nBir\u00e7ok internet taray\u0131c\u0131s\u0131, varsay\u0131lan olarak \u00e7erezleri otomatik olarak kabul etmeye ayarl\u0131d\u0131r. Bu ayarlar\u0131, \u00e7erezleri engelleyecek veya cihaz\u0131n\u0131za \u00e7erez g\u00f6nderildi\u011finde uyar\u0131 verecek \u015fekilde de\u011fi\u015ftirebilirsiniz. \u00c7erezleri y\u00f6netmenin birka\u00e7 yolu bulunmaktad\u0131r. Taray\u0131c\u0131 ayarlar\u0131n\u0131z\u0131 nas\u0131l d\u00fczenleyece\u011finiz hakk\u0131nda ayr\u0131nt\u0131l\u0131 bilgi almak i\u00e7in l\u00fctfen taray\u0131c\u0131n\u0131z\u0131n talimat veya yard\u0131m ekran\u0131na ba\u015fvurun.<\/p>\n<p>\u0130nternet taray\u0131c\u0131n\u0131z\u0131n \u00e7e\u015fidine g\u00f6re a\u015fa\u011f\u0131daki ad\u0131mlar\u0131 izleyerek, \u00e7erezler hakk\u0131nda bilgi edinip, izin verme veya reddetme hakk\u0131n\u0131z\u0131 kullanabilirsiniz:<\/p>\n<p>Google Chrome: Browser\u2019\u0131n\u0131z\u0131n \u201cadres b\u00f6l\u00fcm\u00fcnde\u201d yer alan, \u201ckilit i\u015fareti\u201d veya \u201ci\u201d harfini t\u0131klayarak, \u201cCookie\u201d sekmesinden \u00e7erezlere izin verebilir veya bloke edebilirsiniz.<\/p>\n<p>\u0130nternet Explorer: Browser\u2019\u0131n\u0131z\u0131n sa\u011f \u00fcst k\u00f6\u015fesinde yer alan \u201cTool\u201d veya \u201cAra\u00e7lar\u201d B\u00f6l\u00fcm\u00fcnden \u201cG\u00fcvenlik\u201d sekmesini t\u0131klay\u0131n ve \u201cizin ver\u201d veya \u201cizin verme\u201d \u015feklinde \u00e7erez y\u00f6netimizi ger\u00e7ekle\u015ftirin.<\/p>\n<p>Mozilla Firefox: Browser\u2019\u0131n\u0131z\u0131n sa\u011f \u00fcst k\u00f6\u015fesinde yer alan \u201cmen\u00fcy\u00fc a\u00e7\u201d sekmesini t\u0131klay\u0131n\u0131z. \u201cSe\u00e7enekler\u201d g\u00f6rselini t\u0131klayarak \u201cGizlilik ve G\u00fcvenlik\u201d butonunu kullanarak \u00e7erez y\u00f6netiminizi yap\u0131n\u0131z.<\/p>\n<p>Di\u011fer browserlar i\u00e7in de (opera, microsoft edge gibi), ilgili browser\u2019\u0131n yard\u0131m veya destek sayfalar\u0131n\u0131 inceleyebilirsiniz.<\/p>\n<p>Safari: Telefonunuzun \u201cAyarlar\u201d b\u00f6l\u00fcm\u00fcnden \u201csafari\u201d sekmesini se\u00e7ip, \u201cGizlilik ve G\u00fcvenlik\u201d B\u00f6l\u00fcm\u00fcnden t\u00fcm \u00e7erez y\u00f6netiminizi sa\u011flayabilirsiniz.<\/p>\n<p>E\u011fer kulland\u0131\u011f\u0131m\u0131z \u00e7erezleri devre d\u0131\u015f\u0131 b\u0131rak\u0131rsan\u0131z, bu eylem Haberulus.net sitesindeki kullan\u0131c\u0131 deneyiminizi etkileyebilir; \u00f6rne\u011fin Haberulus.net sitesinin belirli b\u00f6l\u00fcmlerini g\u00f6r\u00fcnt\u00fcleyemeyebilir veya Haberulus.net sitesini ziyaret etti\u011finizde sizin i\u00e7in \u00f6zelle\u015ftirilmi\u015f olan bilgilere ula\u015famayabilirsiniz.<\/p>\n<p>Haberulus.net sitesini g\u00f6r\u00fcnt\u00fclemek i\u00e7in farkl\u0131 cihazlar kullan\u0131yorsan\u0131z (\u00f6r. bilgisayar, ak\u0131ll\u0131 telefon, tablet vb.), bu cihazlar\u0131n her birindeki her taray\u0131c\u0131n\u0131n \u00e7erez tercihlerinize uygun \u015fekilde ayarlanm\u0131\u015f oldu\u011fundan emin olman\u0131z gerekir.<\/p>\n<\/div>\n<\/div>\n","protected":false},"excerpt":{"rendered":"<p>\u00c7erez Nedir? \u00c7erez veya bilinen ismiyle \u201ccookie\u201d, mobil ve masa\u00fcst\u00fc cihazlar kullanarak sitelerimizi (Haberulus.net) ziyaret etti\u011finizde bilgisayar\u0131n\u0131z veya mobil cihaz\u0131n\u0131za (ak\u0131ll\u0131 telefon, tablet gibi) kaydedilen k\u00fc\u00e7\u00fck metin dosyas\u0131 veya bilgilerdir. \u00c7erezler genellikle geldikleri internet site isimlerini, kullan\u0131m \u00f6m\u00fcrlerini ve rastgele verilen say\u0131lardan olu\u015fan de\u011ferler i\u00e7erir. Ne i\u00e7in Kullan\u0131yoruz? \u00c7erezleri, sitemizin daha kolay kullan\u0131lmas\u0131, sizin ilgi [&hellip;]<\/p>\n","protected":false},"author":1,"featured_media":0,"parent":0,"menu_order":0,"comment_status":"closed","ping_status":"closed","template":"","meta":{"footnotes":""},"class_list":["post-789","page","type-page","status-publish","hentry"],"_links":{"self":[{"href":"https:\/\/haberulus.net\/index.php?rest_route=\/wp\/v2\/pages\/789","targetHints":{"allow":["GET"]}}],"collection":[{"href":"https:\/\/haberulus.net\/index.php?rest_route=\/wp\/v2\/pages"}],"about":[{"href":"https:\/\/haberulus.net\/index.php?rest_route=\/wp\/v2\/types\/page"}],"author":[{"embeddable":true,"href":"https:\/\/haberulus.net\/index.php?rest_route=\/wp\/v2\/users\/1"}],"replies":[{"embeddable":true,"href":"https:\/\/haberulus.net\/index.php?rest_route=%2Fwp%2Fv2%2Fcomments&post=789"}],"version-history":[{"count":1,"href":"https:\/\/haberulus.net\/index.php?rest_route=\/wp\/v2\/pages\/789\/revisions"}],"predecessor-version":[{"id":790,"href":"https:\/\/haberulus.net\/index.php?rest_route=\/wp\/v2\/pages\/789\/revisions\/790"}],"wp:attachment":[{"href":"https:\/\/haberulus.net\/index.php?rest_route=%2Fwp%2Fv2%2Fmedia&parent=789"}],"curies":[{"name":"wp","href":"https:\/\/api.w.org\/{rel}","templated":true}]}}